{"id":115,"date":"2024-10-20T14:36:11","date_gmt":"2024-10-20T14:36:11","guid":{"rendered":"https:\/\/voluntastur.org\/congresovoluntariado\/?page_id=115"},"modified":"2024-11-05T13:43:54","modified_gmt":"2024-11-05T13:43:54","slug":"premios","status":"publish","type":"page","link":"https:\/\/voluntastur.org\/congresovoluntariado\/premios\/","title":{"rendered":"Premios Estatales al Voluntariado"},"content":{"rendered":"\n<p>Los Premios Estatales al Voluntariado reconocen y celebran la dedicaci\u00f3n, el compromiso y la labor altruista de personas y organizaciones que, a trav\u00e9s de su trabajo voluntario, contribuyen significativamente a la construcci\u00f3n de una sociedad m\u00e1s justa, inclusiva y solidaria.<\/p>\n\n\n\n<p><strong>Entrega de premios:<\/strong><strong><\/strong><\/p>\n\n\n\n<p>La entrega de los Premios Estatales al Voluntariado se llevar\u00e1 a cabo durante el XIII Congreso Estatal de Voluntariado en Avil\u00e9s, el d\u00eda 5 por la ma\u00f1ana.\u00a0<\/p>\n\n\n\n<p><strong>Premiados 2024:<\/strong><\/p>\n\n\n\n<ul class=\"wp-block-list\">\n<li>Premio Estatal al Voluntariado Individual: Desierto.<\/li>\n\n\n\n<li>Premio Estatal a la Entidad de Voluntariado: Integraci\u00f3n para la Vida.<\/li>\n\n\n\n<li>Premio Estatal al Programa de Voluntariado: Formaci\u00f3n y sensibilizaci\u00f3n en materia de intervenci\u00f3n con mujeres en exclusi\u00f3n social supervivientes de violencia de g\u00e9nero, de UNAD, La Red de Atenci\u00f3n a las Adicciones.<\/li>\n\n\n\n<li>Premio Nacional de Investigaci\u00f3n sobre Voluntariado: Voluntariado de empresas: una revisi\u00f3n del concepto y un an\u00e1lisis de la situaci\u00f3n en Espa\u00f1a, desde una perspectiva de g\u00e9nero, de Ana Lor Serrano.<\/li>\n<\/ul>\n\n\n\n<p><a href=\"https:\/\/www.boe.es\/boe\/dias\/2024\/10\/30\/pdfs\/BOE-A-2024-22426.pdf\">Resoluci\u00f3n de 20 de octubre de 2024, de la Secretar\u00eda de Estado de Derechos Sociales, por la que se conceden los Premios Estatales al Voluntariado 2024.<\/a><\/p>\n\n\n\n<p><\/p>\n","protected":false},"excerpt":{"rendered":"<p>Los Premios Estatales al Voluntariado reconocen y celebran la dedicaci\u00f3n, el compromiso y la labor altruista de personas y organizaciones que, a trav\u00e9s de su trabajo voluntario, contribuyen significativamente a la construcci\u00f3n de una sociedad m\u00e1s justa, inclusiva y solidaria. Entrega de premios: La entrega de los Premios Estatales al Voluntariado se llevar\u00e1 a cabo [&hellip;]<\/p>\n","protected":false},"author":1,"featured_media":162,"parent":0,"menu_order":0,"comment_status":"closed","ping_status":"closed","template":"","meta":{"footnotes":""},"class_list":["post-115","page","type-page","status-publish","has-post-thumbnail","hentry"],"_links":{"self":[{"href":"https:\/\/voluntastur.org\/congresovoluntariado\/wp-json\/wp\/v2\/pages\/115","targetHints":{"allow":["GET"]}}],"collection":[{"href":"https:\/\/voluntastur.org\/congresovoluntariado\/wp-json\/wp\/v2\/pages"}],"about":[{"href":"https:\/\/voluntastur.org\/congresovoluntariado\/wp-json\/wp\/v2\/types\/page"}],"author":[{"embeddable":true,"href":"https:\/\/voluntastur.org\/congresovoluntariado\/wp-json\/wp\/v2\/users\/1"}],"replies":[{"embeddable":true,"href":"https:\/\/voluntastur.org\/congresovoluntariado\/wp-json\/wp\/v2\/comments?post=115"}],"version-history":[{"count":4,"href":"https:\/\/voluntastur.org\/congresovoluntariado\/wp-json\/wp\/v2\/pages\/115\/revisions"}],"predecessor-version":[{"id":179,"href":"https:\/\/voluntastur.org\/congresovoluntariado\/wp-json\/wp\/v2\/pages\/115\/revisions\/179"}],"wp:featuredmedia":[{"embeddable":true,"href":"https:\/\/voluntastur.org\/congresovoluntariado\/wp-json\/wp\/v2\/media\/162"}],"wp:attachment":[{"href":"https:\/\/voluntastur.org\/congresovoluntariado\/wp-json\/wp\/v2\/media?parent=115"}],"curies":[{"name":"wp","href":"https:\/\/api.w.org\/{rel}","templated":true}]}}