{"id":131,"date":"2024-10-20T15:00:52","date_gmt":"2024-10-20T15:00:52","guid":{"rendered":"https:\/\/voluntastur.org\/congresovoluntariado\/?page_id=131"},"modified":"2024-10-22T07:11:55","modified_gmt":"2024-10-22T07:11:55","slug":"turismo-y-alojamiento","status":"publish","type":"page","link":"https:\/\/voluntastur.org\/congresovoluntariado\/turismo-y-alojamiento\/","title":{"rendered":"Turismo y Alojamiento"},"content":{"rendered":"\n<p>Asturias es un destino privilegiado para disfrutar de su rica cultura, paisajes impresionantes y hospitalidad. Si est\u00e1s planeando asistir al congreso, te recomendamos explorar las opciones tur\u00edsticas y de alojamiento en la regi\u00f3n:<br><br>\uf0b7 Turismo en Avil\u00e9s. <br>Avil\u00e9s, una ciudad llena de historia y encanto, ofrece una variada agenda cultural y tur\u00edstica. Podr\u00e1s pasear por su casco hist\u00f3rico, visitar el emblem\u00e1tico Centro Niemeyer, y disfrutar de su rica gastronom\u00eda local. Para obtener m\u00e1s informaci\u00f3n sobre qu\u00e9 hacer y qu\u00e9 ver, puedes consultar el portal oficial de Turismo de Avil\u00e9s.<br><a href=\"https:\/\/turismoaviles.com\/\" target=\"_blank\" rel=\"noreferrer noopener\">TURISMO AVILES<\/a><\/p>\n\n\n\n<p>\uf0b7 Turismo en el Principado de Asturias. <br>Asturias cuenta con un sinf\u00edn de lugares donde disfrutar de su naturaleza, su historia y su gastronom\u00eda. Desde las monta\u00f1as de los Picos de Europa hasta las playas del mar Cant\u00e1brico, cada rinc\u00f3n del Principado tiene algo especial que ofrecer. Si buscas d\u00f3nde alojarte durante tu estancia, puedes consultar una amplia oferta de hoteles, casas rurales y apartamentos tur\u00edsticos en la web oficial de Turismo del Principado de Asturias.<br><a href=\"https:\/\/www.turismoasturias.es\/organiza-tu-viaje\/donde-dormir\/alojamiento\" target=\"_blank\" rel=\"noreferrer noopener\">TURISMO ASTURIAS<\/a><\/p>\n","protected":false},"excerpt":{"rendered":"<p>Asturias es un destino privilegiado para disfrutar de su rica cultura, paisajes impresionantes y hospitalidad. Si est\u00e1s planeando asistir al congreso, te recomendamos explorar las opciones tur\u00edsticas y de alojamiento en la regi\u00f3n: \uf0b7 Turismo en Avil\u00e9s. Avil\u00e9s, una ciudad llena de historia y encanto, ofrece una variada agenda cultural y tur\u00edstica. Podr\u00e1s pasear por [&hellip;]<\/p>\n","protected":false},"author":1,"featured_media":162,"parent":0,"menu_order":0,"comment_status":"closed","ping_status":"closed","template":"","meta":{"footnotes":""},"class_list":["post-131","page","type-page","status-publish","has-post-thumbnail","hentry"],"_links":{"self":[{"href":"https:\/\/voluntastur.org\/congresovoluntariado\/wp-json\/wp\/v2\/pages\/131","targetHints":{"allow":["GET"]}}],"collection":[{"href":"https:\/\/voluntastur.org\/congresovoluntariado\/wp-json\/wp\/v2\/pages"}],"about":[{"href":"https:\/\/voluntastur.org\/congresovoluntariado\/wp-json\/wp\/v2\/types\/page"}],"author":[{"embeddable":true,"href":"https:\/\/voluntastur.org\/congresovoluntariado\/wp-json\/wp\/v2\/users\/1"}],"replies":[{"embeddable":true,"href":"https:\/\/voluntastur.org\/congresovoluntariado\/wp-json\/wp\/v2\/comments?post=131"}],"version-history":[{"count":9,"href":"https:\/\/voluntastur.org\/congresovoluntariado\/wp-json\/wp\/v2\/pages\/131\/revisions"}],"predecessor-version":[{"id":169,"href":"https:\/\/voluntastur.org\/congresovoluntariado\/wp-json\/wp\/v2\/pages\/131\/revisions\/169"}],"wp:featuredmedia":[{"embeddable":true,"href":"https:\/\/voluntastur.org\/congresovoluntariado\/wp-json\/wp\/v2\/media\/162"}],"wp:attachment":[{"href":"https:\/\/voluntastur.org\/congresovoluntariado\/wp-json\/wp\/v2\/media?parent=131"}],"curies":[{"name":"wp","href":"https:\/\/api.w.org\/{rel}","templated":true}]}}