{"id":98,"date":"2024-10-20T14:00:19","date_gmt":"2024-10-20T14:00:19","guid":{"rendered":"https:\/\/voluntastur.org\/congresovoluntariado\/?page_id=98"},"modified":"2024-11-18T08:27:25","modified_gmt":"2024-11-18T08:27:25","slug":"comite","status":"publish","type":"page","link":"https:\/\/voluntastur.org\/congresovoluntariado\/comite\/","title":{"rendered":"Comit\u00e9s de honor, organizador y cient\u00edfico"},"content":{"rendered":"\n<ul class=\"wp-block-list\">\n<li><strong>Comit\u00e9<\/strong> <strong>de honor<\/strong>\n<ul class=\"wp-block-list\">\n<li>Presidencia\n<ul class=\"wp-block-list\">\n<li>Sus Majestades los Reyes de Espa\u00f1a<\/li>\n<\/ul>\n<\/li>\n\n\n\n<li>Principado de Asturias\n<ul class=\"wp-block-list\">\n<li>Vicepresidente. Presidente del Principado de Asturias: Adri\u00e1n Barb\u00f3n Rodr\u00edguez<\/li>\n\n\n\n<li>Vocal. Consejera de Derechos Sociales y Bienestar: Marta del Arco Fern\u00e1ndez<\/li>\n<\/ul>\n<\/li>\n\n\n\n<li>Ministerio\n<ul class=\"wp-block-list\">\n<li>Vicepresidente. Ministro de Derechos Sociales, Consumo y Agenda 2030: Pablo Bustinduy Amador<\/li>\n\n\n\n<li>Vocal. Secretaria de Estado de Derechos Sociales: Mar\u00eda Rosa Mart\u00ednez Rodr\u00edguez<\/li>\n<\/ul>\n<\/li>\n\n\n\n<li>Ayuntamiento de Avil\u00e9s\n<ul class=\"wp-block-list\">\n<li>Alcaldesa: Mar\u00eda Virtudes Monteser\u00edn Rodr\u00edguez<\/li>\n<\/ul>\n<\/li>\n\n\n\n<li>Universidad de Oviedo\n<ul class=\"wp-block-list\">\n<li>Rector: \u00c1ngel Ignacio Villaverde Men\u00e9ndez<\/li>\n<\/ul>\n<\/li>\n<\/ul>\n<\/li>\n<\/ul>\n\n\n\n<ul class=\"wp-block-list\">\n<li><strong>Comit\u00e9 organizador<\/strong>\n<ul class=\"wp-block-list\">\n<li>Principado de Asturias<ul><li>Presidencia. DG de Innovaci\u00f3n y Cambio Social: Jos\u00e9 Antonio Garm\u00f3n.<\/li><\/ul><ul><li>Vocal: DG Promoci\u00f3n Autonom\u00eda Personal y Mayores: Enrique Rodr\u00edguez Nu\u00f1o.<\/li><\/ul><ul><li>Secretar\u00eda. Jefa de Secci\u00f3n de recursos y programas para la atenci\u00f3n a mayores: Covadonga L\u00f3pez Antol\u00edn. <\/li><\/ul><ul><li>Secretar\u00eda. Trabajadora social. DG de Promoci\u00f3n de la autonom\u00eda personal y Mayores: Beatriz Crist\u00f3bal Corugedo.<\/li><\/ul><ul><li>Vocal. Jefe de Servicio. DG de Innovaci\u00f3n y Cambio Social: Francisco Javier Mart\u00ednez Cap\u00edn.<\/li><\/ul><\/li>\n\n\n\n<li>Ministerio\n<ul class=\"wp-block-list\">\n<li>Presidencia. Subdirectora General de Promoci\u00f3n del Tercer Sector y del Voluntariado: Luc\u00eda Garc\u00eda Garz\u00f3n.<\/li>\n\n\n\n<li>Vocal. Subdirectora General adjunta de Promoci\u00f3n del Tercer Sector y del Voluntariado: Isabel Garcer\u00e1n Fructuoso.<\/li>\n<\/ul>\n<\/li>\n\n\n\n<li>Ayuntamiento de Avil\u00e9s\n<ul class=\"wp-block-list\">\n<li>Vocal. Pelayo Garc\u00eda Garc\u00eda. Concejal de Participaci\u00f3n Ciudadana.<\/li>\n\n\n\n<li>Vocal. Mar\u00eda Francisca Ciudad Rodr\u00edguez. Responsable de la Oficina Municipal de Voluntariado.<\/li>\n<\/ul>\n<\/li>\n\n\n\n<li>Plataforma de Voluntariado de Espa\u00f1a<ul><li>Vocal. Saturnino Pe\u00f1a Sol\u00eds.<\/li><\/ul>\n<ul class=\"wp-block-list\">\n<li>Vocal. Directora PVE: Mar Amate Garc\u00eda.<\/li>\n<\/ul>\n<\/li>\n\n\n\n<li>Plataforma Voluntariado de Asturias\n<ul class=\"wp-block-list\">\n<li>Vocal. Presidente PVA: Jorge Gonz\u00e1lez Fuentes.<\/li>\n\n\n\n<li>Vocal. Vicepresidente PVA: \u00c1ngeles Gonz\u00e1lez Rodr\u00edguez.<\/li>\n<\/ul>\n<\/li>\n\n\n\n<li>Red de Centros de Voluntariado y Participaci\u00f3n Social (CVPS)\n<ul class=\"wp-block-list\">\n<li>Vocal. Ana Gloria Fern\u00e1ndez Melendras.<\/li>\n\n\n\n<li>Vocal. Francisco Manuel Fern\u00e1ndez Yebra.<\/li>\n<\/ul>\n<\/li>\n<\/ul>\n<\/li>\n\n\n\n<li><strong>Comit\u00e9 cient\u00edfico<\/strong><ul><li>Principado de Asturias<ul><li>Presidencia. DG Promoci\u00f3n Autonom\u00eda Personal y Mayores: Enrique Rodr\u00edguez Nu\u00f1o.<\/li><\/ul><ul><li>Secretar\u00eda. Covadonga L\u00f3pez Antol\u00edn. Jefa de Secci\u00f3n de recursos y programas para la atenci\u00f3n a mayores. DG de Promoci\u00f3n de la autonom\u00eda personal y Mayores.<\/li><\/ul><ul><li>Secretar\u00eda. Beatriz Crist\u00f3bal Corugedo. Trabajadora social. DG de Promoci\u00f3n de la autonom\u00eda personal y Mayores.<\/li><\/ul><\/li><\/ul><ul><li>Ministerio<ul><li>Vocal. Director de programa, SG de Promoci\u00f3n del Tercer Sector y del Voluntariado del Ministerio de Derechos Sociales, Consumo y Agenda 2030: Jos\u00e9 del Val Carrasco.<\/li><\/ul><\/li><\/ul><ul><li>Plataforma de Voluntariado de Espa\u00f1a<ul><li>Vocal. Elena Mainez.<\/li><\/ul><\/li><\/ul><ul><li>Plataforma Voluntariado de Asturias<ul><li>Vocal. Fernando Garc\u00eda M\u00e9ndez.<\/li><\/ul><\/li><\/ul><ul><li>Red de Centros de Voluntariado y Participaci\u00f3n Social (CVPS)<ul><li>Vocal. Ana Gloria Fern\u00e1ndez Melendras.<\/li><\/ul><\/li><\/ul><ul><li>Centro de Voluntariado de Avil\u00e9s (MASPAZ)<ul><li>Vocal. Francisco Manuel Fern\u00e1ndez Yebra.<\/li><\/ul><\/li><\/ul>\n<ul class=\"wp-block-list\">\n<li>Universidad de Oviedo\n<ul class=\"wp-block-list\">\n<li>Vocal. Esteban Agull\u00f3.<\/li>\n<\/ul>\n<\/li>\n<\/ul>\n<\/li>\n<\/ul>\n","protected":false},"excerpt":{"rendered":"","protected":false},"author":1,"featured_media":162,"parent":0,"menu_order":0,"comment_status":"closed","ping_status":"closed","template":"","meta":{"footnotes":""},"class_list":["post-98","page","type-page","status-publish","has-post-thumbnail","hentry"],"_links":{"self":[{"href":"https:\/\/voluntastur.org\/congresovoluntariado\/wp-json\/wp\/v2\/pages\/98","targetHints":{"allow":["GET"]}}],"collection":[{"href":"https:\/\/voluntastur.org\/congresovoluntariado\/wp-json\/wp\/v2\/pages"}],"about":[{"href":"https:\/\/voluntastur.org\/congresovoluntariado\/wp-json\/wp\/v2\/types\/page"}],"author":[{"embeddable":true,"href":"https:\/\/voluntastur.org\/congresovoluntariado\/wp-json\/wp\/v2\/users\/1"}],"replies":[{"embeddable":true,"href":"https:\/\/voluntastur.org\/congresovoluntariado\/wp-json\/wp\/v2\/comments?post=98"}],"version-history":[{"count":15,"href":"https:\/\/voluntastur.org\/congresovoluntariado\/wp-json\/wp\/v2\/pages\/98\/revisions"}],"predecessor-version":[{"id":197,"href":"https:\/\/voluntastur.org\/congresovoluntariado\/wp-json\/wp\/v2\/pages\/98\/revisions\/197"}],"wp:featuredmedia":[{"embeddable":true,"href":"https:\/\/voluntastur.org\/congresovoluntariado\/wp-json\/wp\/v2\/media\/162"}],"wp:attachment":[{"href":"https:\/\/voluntastur.org\/congresovoluntariado\/wp-json\/wp\/v2\/media?parent=98"}],"curies":[{"name":"wp","href":"https:\/\/api.w.org\/{rel}","templated":true}]}}